{"id":1942,"date":"2025-11-26T06:40:16","date_gmt":"2025-11-26T06:40:16","guid":{"rendered":"https:\/\/www.pz-marina.com\/?post_type=product&#038;p=1942"},"modified":"2025-11-27T12:08:07","modified_gmt":"2025-11-27T12:08:07","slug":"dalmatian-salsa-340-g","status":"publish","type":"product","link":"https:\/\/www.pz-marina.com\/en\/p\/dalmatian-salsa-340-g\/","title":{"rendered":"Dalmatian \u0161al\u0161a 340 g"},"content":{"rendered":"<p>Our <strong>Dalmatian \u0161al\u0161a<\/strong> combines the flavors of carefully selected tomatoes, local onions, and Dalmatian olive oil, creating the distinctive taste of traditional homemade \u0161al\u0161a.<\/p>\n","protected":false},"excerpt":{"rendered":"<p>Our <strong>Dalmatian \u0161al\u0161a<\/strong> combines the flavors of carefully selected tomatoes, local onions, and Dalmatian olive oil, creating the distinctive taste of traditional homemade \u0161al\u0161a.<\/p>\n","protected":false},"featured_media":2072,"template":"","meta":[],"product_brand":[],"product_cat":[54],"product_tag":[],"class_list":{"0":"post-1942","1":"product","2":"type-product","3":"status-publish","4":"has-post-thumbnail","6":"product_cat-umaci-i-namazi","8":"first","9":"instock","10":"shipping-taxable","11":"purchasable","12":"product-type-simple"},"aioseo_notices":[],"_links":{"self":[{"href":"https:\/\/www.pz-marina.com\/en\/wp-json\/wp\/v2\/product\/1942","targetHints":{"allow":["GET"]}}],"collection":[{"href":"https:\/\/www.pz-marina.com\/en\/wp-json\/wp\/v2\/product"}],"about":[{"href":"https:\/\/www.pz-marina.com\/en\/wp-json\/wp\/v2\/types\/product"}],"version-history":[{"count":1,"href":"https:\/\/www.pz-marina.com\/en\/wp-json\/wp\/v2\/product\/1942\/revisions"}],"predecessor-version":[{"id":1943,"href":"https:\/\/www.pz-marina.com\/en\/wp-json\/wp\/v2\/product\/1942\/revisions\/1943"}],"wp:featuredmedia":[{"embeddable":true,"href":"https:\/\/www.pz-marina.com\/en\/wp-json\/wp\/v2\/media\/2072"}],"wp:attachment":[{"href":"https:\/\/www.pz-marina.com\/en\/wp-json\/wp\/v2\/media?parent=1942"}],"wp:term":[{"taxonomy":"product_brand","embeddable":true,"href":"https:\/\/www.pz-marina.com\/en\/wp-json\/wp\/v2\/product_brand?post=1942"},{"taxonomy":"product_cat","embeddable":true,"href":"https:\/\/www.pz-marina.com\/en\/wp-json\/wp\/v2\/product_cat?post=1942"},{"taxonomy":"product_tag","embeddable":true,"href":"https:\/\/www.pz-marina.com\/en\/wp-json\/wp\/v2\/product_tag?post=1942"}],"curies":[{"name":"wp","href":"https:\/\/api.w.org\/{rel}","templated":true}]}}