{"id":1944,"date":"2025-11-26T06:40:19","date_gmt":"2025-11-26T06:40:19","guid":{"rendered":"https:\/\/www.pz-marina.com\/?post_type=product&#038;p=1944"},"modified":"2025-11-27T12:52:06","modified_gmt":"2025-11-27T12:52:06","slug":"dalmatian-salsa-650-g","status":"publish","type":"product","link":"https:\/\/www.pz-marina.com\/en\/p\/dalmatian-salsa-650-g\/","title":{"rendered":"Dalmatian \u0161al\u0161a 650 g"},"content":{"rendered":"<p>Our Dalmatian \u0161al\u0161a combines the flavors of carefully selected tomatoes, local onions, and Dalmatian olive oil, creating the distinctive taste of traditional homemade \u0161al\u0161a.<\/p>\n","protected":false},"excerpt":{"rendered":"<p>Our Dalmatian \u0161al\u0161a combines the flavors of carefully selected tomatoes, local onions, and Dalmatian olive oil, creating the distinctive taste of traditional homemade \u0161al\u0161a.<\/p>\n","protected":false},"featured_media":2070,"template":"","meta":[],"product_brand":[],"product_cat":[54],"product_tag":[],"class_list":{"0":"post-1944","1":"product","2":"type-product","3":"status-publish","4":"has-post-thumbnail","6":"product_cat-umaci-i-namazi","8":"first","9":"instock","10":"shipping-taxable","11":"purchasable","12":"product-type-simple"},"aioseo_notices":[],"_links":{"self":[{"href":"https:\/\/www.pz-marina.com\/en\/wp-json\/wp\/v2\/product\/1944","targetHints":{"allow":["GET"]}}],"collection":[{"href":"https:\/\/www.pz-marina.com\/en\/wp-json\/wp\/v2\/product"}],"about":[{"href":"https:\/\/www.pz-marina.com\/en\/wp-json\/wp\/v2\/types\/product"}],"version-history":[{"count":2,"href":"https:\/\/www.pz-marina.com\/en\/wp-json\/wp\/v2\/product\/1944\/revisions"}],"predecessor-version":[{"id":2059,"href":"https:\/\/www.pz-marina.com\/en\/wp-json\/wp\/v2\/product\/1944\/revisions\/2059"}],"wp:featuredmedia":[{"embeddable":true,"href":"https:\/\/www.pz-marina.com\/en\/wp-json\/wp\/v2\/media\/2070"}],"wp:attachment":[{"href":"https:\/\/www.pz-marina.com\/en\/wp-json\/wp\/v2\/media?parent=1944"}],"wp:term":[{"taxonomy":"product_brand","embeddable":true,"href":"https:\/\/www.pz-marina.com\/en\/wp-json\/wp\/v2\/product_brand?post=1944"},{"taxonomy":"product_cat","embeddable":true,"href":"https:\/\/www.pz-marina.com\/en\/wp-json\/wp\/v2\/product_cat?post=1944"},{"taxonomy":"product_tag","embeddable":true,"href":"https:\/\/www.pz-marina.com\/en\/wp-json\/wp\/v2\/product_tag?post=1944"}],"curies":[{"name":"wp","href":"https:\/\/api.w.org\/{rel}","templated":true}]}}